{"id":854,"date":"2025-04-04T10:25:58","date_gmt":"2025-04-04T10:25:58","guid":{"rendered":"https:\/\/tequilasu.com\/?page_id=854"},"modified":"2025-09-18T10:58:00","modified_gmt":"2025-09-18T09:58:00","slug":"su-reposado","status":"publish","type":"page","link":"https:\/\/tequilasu.com\/es\/su-reposado","title":{"rendered":"S\u0168 Reposado"},"content":{"rendered":"<div data-elementor-type=\"wp-page\" data-elementor-id=\"854\" class=\"elementor elementor-854\" data-elementor-post-type=\"page\">\n\t\t\t\t<div class=\"elementor-element elementor-element-b9a7b4a e-flex e-con-boxed e-con e-parent\" data-id=\"b9a7b4a\" data-element_type=\"container\" data-e-type=\"container\" data-settings=\"{&quot;background_background&quot;:&quot;classic&quot;}\">\n\t\t\t\t\t<div class=\"e-con-inner\">\n\t\t\t\t\t<\/div>\n\t\t\t\t<\/div>\n\t\t<div class=\"elementor-element elementor-element-32a7132 e-con-full e-flex e-con e-parent\" data-id=\"32a7132\" data-element_type=\"container\" data-e-type=\"container\">\n\t\t<div class=\"elementor-element elementor-element-539748f e-con-full e-flex e-con e-child\" data-id=\"539748f\" data-element_type=\"container\" data-e-type=\"container\" data-settings=\"{&quot;background_background&quot;:&quot;classic&quot;}\">\n\t\t\t\t<\/div>\n\t\t<div class=\"elementor-element elementor-element-b82eedb e-con-full e-flex e-con e-child\" data-id=\"b82eedb\" data-element_type=\"container\" data-e-type=\"container\">\n\t\t<div class=\"elementor-element elementor-element-5949a56 e-con-full e-flex e-con e-child\" data-id=\"5949a56\" data-element_type=\"container\" data-e-type=\"container\">\n\t\t\t\t<div class=\"elementor-element elementor-element-54c1e36 elementor-widget elementor-widget-heading\" data-id=\"54c1e36\" data-element_type=\"widget\" data-e-type=\"widget\" data-widget_type=\"heading.default\">\n\t\t\t\t<div class=\"elementor-widget-container\">\n\t\t\t\t\t<p class=\"elementor-heading-title elementor-size-default\">REPOSADO<\/p>\t\t\t\t<\/div>\n\t\t\t\t<\/div>\n\t\t\t\t<div class=\"elementor-element elementor-element-ae9feae elementor-widget elementor-widget-text-editor\" data-id=\"ae9feae\" data-element_type=\"widget\" data-e-type=\"widget\" data-widget_type=\"text-editor.default\">\n\t\t\t\t<div class=\"elementor-widget-container\">\n\t\t\t\t\t\t\t\t\t<p><strong>100\u202f% Agave Azul Weber<br \/><\/strong>70\u202f% del Valle y 30\u202f% de Los Altos de Jalisco<\/p><p><strong>A\u00f1ejado en Barrica 6\u201310 Meses<\/strong><br \/>Roble americano ex-bourbon para mayor profundidad y car\u00e1cter<\/p><p><strong>Suave y complejo<\/strong><br \/>Notas de miel, almendra, toffee y un delicado toque de especias<\/p><p><strong>Aromas intensos<\/strong><br \/>Agave cocido, roble, almendra tostada, fruta seca y especias c\u00e1lidas<\/p><p><strong>Tonalidad dorada<\/strong><br \/>\u00c1mbar con reflejos brillantes<\/p><p><strong>Final Persistente<\/strong><br \/>Roble c\u00e1lido, miel, almendra y un delicado toque ahumado<\/p><p><strong>40\u202f% Vol. Alc.<\/strong><\/p><p>Signature Serve<br \/>S\u0168 Rosita, S\u00f3lo con hielo<\/p>\t\t\t\t\t\t\t\t<\/div>\n\t\t\t\t<\/div>\n\t\t\t\t<div class=\"elementor-element elementor-element-af3d744 elementor-hidden-desktop elementor-hidden-tablet elementor-hidden-mobile elementor-widget elementor-widget-button\" data-id=\"af3d744\" data-element_type=\"widget\" data-e-type=\"widget\" data-widget_type=\"button.default\">\n\t\t\t\t<div class=\"elementor-widget-container\">\n\t\t\t\t\t\t\t\t\t<div class=\"elementor-button-wrapper\">\n\t\t\t\t\t<a class=\"elementor-button elementor-button-link elementor-size-sm\" href=\"https:\/\/tequilasu.com\/es\/tienda\">\n\t\t\t\t\t\t<span class=\"elementor-button-content-wrapper\">\n\t\t\t\t\t\t\t\t\t<span class=\"elementor-button-text\">Go shopping<\/span>\n\t\t\t\t\t<\/span>\n\t\t\t\t\t<\/a>\n\t\t\t\t<\/div>\n\t\t\t\t\t\t\t\t<\/div>\n\t\t\t\t<\/div>\n\t\t\t\t<div class=\"elementor-element elementor-element-c225a59 elementor-hidden-desktop elementor-hidden-tablet elementor-hidden-mobile elementor-widget elementor-widget-text-editor\" data-id=\"c225a59\" data-element_type=\"widget\" data-e-type=\"widget\" data-widget_type=\"text-editor.default\">\n\t\t\t\t<div class=\"elementor-widget-container\">\n\t\t\t\t\t\t\t\t\t<h1 data-start=\"0\" data-end=\"38\"><strong data-start=\"0\" data-end=\"36\">Distribuidor Su Tequila Reposado<\/strong><\/h1><p data-start=\"40\" data-end=\"356\">Su Tequila Reposado es la perfecta armon\u00eda entre la tradici\u00f3n y la suavidad, a\u00f1ejado en barricas de roble americano para ofrecerte un perfil de sabor \u00fanico. Como <strong data-start=\"202\" data-end=\"226\">distribuidor oficial<\/strong> de esta exquisita expresi\u00f3n, te garantizamos un tequila reposado con notas de vainilla, caramelo y un delicado toque amaderado.<\/p><h2 data-start=\"358\" data-end=\"397\">Por qu\u00e9 elegir Su Tequila Reposado<\/h2><ul data-start=\"398\" data-end=\"738\"><li data-start=\"398\" data-end=\"498\"><p data-start=\"400\" data-end=\"498\"><strong data-start=\"400\" data-end=\"420\">100 % Agave Azul<\/strong>: Solo utilizamos agave de la m\u00e1s alta calidad, cosechado a mano en Jalisco.<\/p><\/li><li data-start=\"499\" data-end=\"624\"><p data-start=\"501\" data-end=\"624\"><strong data-start=\"501\" data-end=\"521\">A\u00f1ejo en Barrica<\/strong>: Reposado m\u00ednimo 6 meses en roble americano que aportan matices de especias suaves y madera tostada.<\/p><\/li><li data-start=\"625\" data-end=\"738\"><p data-start=\"627\" data-end=\"738\"><strong data-start=\"627\" data-end=\"649\">Perfil Equilibrado<\/strong>: Notas de miel, vainilla y frutas secas, con un final ligeramente dulce y persistente.<\/p><\/li><\/ul><h2 data-start=\"740\" data-end=\"798\">Servicios de nuestro distribuidor de tequila reposado<\/h2><ul data-start=\"799\" data-end=\"1172\"><li data-start=\"799\" data-end=\"912\"><p data-start=\"801\" data-end=\"912\"><strong data-start=\"801\" data-end=\"830\">Venta a Mayoreo y Detalle<\/strong>: Pedidos personalizados para bares, restaurantes, licorer\u00edas y tiendas gourmet.<\/p><\/li><li data-start=\"913\" data-end=\"1047\"><p data-start=\"915\" data-end=\"1047\"><strong data-start=\"915\" data-end=\"937\">Cobertura Nacional<\/strong>: Env\u00edos r\u00e1pidos y seguros a toda Espa\u00f1a, con embalaje certificado para mantener la integridad del producto.<\/p><\/li><li data-start=\"1048\" data-end=\"1172\"><p data-start=\"1050\" data-end=\"1172\"><strong data-start=\"1050\" data-end=\"1071\">Soporte Comercial<\/strong>: Material de punto de venta, formaci\u00f3n de personal y catas promocionales para impulsar tus ventas.<\/p><\/li><\/ul><h2 data-start=\"1174\" data-end=\"1203\">Maridajes y experiencias<\/h2><p data-start=\"1204\" data-end=\"1414\">Disfruta de Su Tequila Reposado solo, con hielo o en c\u00f3cteles sofisticados como Old Fashioned o Paloma. Marida a la perfecci\u00f3n con platos de carne ib\u00e9rica, quesos curados y postres a base de chocolate oscuro.<\/p><p data-start=\"1416\" data-end=\"1603\"><strong data-start=\"1416\" data-end=\"1457\">\u00danete a nuestra red de distribuidores<\/strong> y ofrece a tus clientes la suavidad y complejidad de Su Tequila Reposado. Cont\u00e1ctanos para recibir tarifas especiales y condiciones exclusivas.<\/p>\t\t\t\t\t\t\t\t<\/div>\n\t\t\t\t<\/div>\n\t\t\t\t<\/div>\n\t\t\t\t<\/div>\n\t\t\t\t<\/div>\n\t\t\t\t<\/div>","protected":false},"excerpt":{"rendered":"<p>REPOSADO 100% Blue Weber Agave70% valley &amp; 30% highland agaves from Jalisco Barrel-Aged 6\u201310 MonthsEx-bourbon American oak for depth &amp; character Smooth &amp; ComplexNotes of honey, almond, butterscotch &amp; gentle spice Rich AromaticsCooked agave, oak, toasted almond, dried fruit &amp; warm spices Golden HueAmber with bright reflections Lingering FinishWarm oak, honey, almond &amp; a delicate [&hellip;]<\/p>","protected":false},"author":2,"featured_media":0,"parent":0,"menu_order":0,"comment_status":"closed","ping_status":"closed","template":"","meta":{"footnotes":""},"class_list":["post-854","page","type-page","status-publish","hentry"],"_links":{"self":[{"href":"https:\/\/tequilasu.com\/es\/wp-json\/wp\/v2\/pages\/854","targetHints":{"allow":["GET"]}}],"collection":[{"href":"https:\/\/tequilasu.com\/es\/wp-json\/wp\/v2\/pages"}],"about":[{"href":"https:\/\/tequilasu.com\/es\/wp-json\/wp\/v2\/types\/page"}],"author":[{"embeddable":true,"href":"https:\/\/tequilasu.com\/es\/wp-json\/wp\/v2\/users\/2"}],"replies":[{"embeddable":true,"href":"https:\/\/tequilasu.com\/es\/wp-json\/wp\/v2\/comments?post=854"}],"version-history":[{"count":0,"href":"https:\/\/tequilasu.com\/es\/wp-json\/wp\/v2\/pages\/854\/revisions"}],"wp:attachment":[{"href":"https:\/\/tequilasu.com\/es\/wp-json\/wp\/v2\/media?parent=854"}],"curies":[{"name":"wp","href":"https:\/\/api.w.org\/{rel}","templated":true}]}}