{"id":1813,"date":"2025-04-25T10:41:45","date_gmt":"2025-04-25T09:41:45","guid":{"rendered":"https:\/\/tequilasu.com\/?page_id=1813"},"modified":"2025-04-25T13:28:30","modified_gmt":"2025-04-25T12:28:30","slug":"su-bottle","status":"publish","type":"page","link":"https:\/\/tequilasu.com\/es\/su-bottle","title":{"rendered":"S\u0168 Botella"},"content":{"rendered":"<div data-elementor-type=\"wp-page\" data-elementor-id=\"1813\" class=\"elementor elementor-1813\" data-elementor-post-type=\"page\">\n\t\t\t\t<div class=\"elementor-element elementor-element-d975a9c e-flex e-con-boxed e-con e-parent\" data-id=\"d975a9c\" data-element_type=\"container\" data-e-type=\"container\" data-settings=\"{&quot;background_background&quot;:&quot;classic&quot;}\">\n\t\t\t\t\t<div class=\"e-con-inner\">\n\t\t\t\t\t<\/div>\n\t\t\t\t<\/div>\n\t\t<div class=\"elementor-element elementor-element-6333c0a e-con-full elementor-hidden-tablet elementor-hidden-mobile e-flex e-con e-parent\" data-id=\"6333c0a\" data-element_type=\"container\" data-e-type=\"container\">\n\t\t<div class=\"elementor-element elementor-element-9440dda e-con-full e-flex e-con e-child\" data-id=\"9440dda\" data-element_type=\"container\" data-e-type=\"container\">\n\t\t<div class=\"elementor-element elementor-element-d70b284 e-con-full e-flex e-con e-child\" data-id=\"d70b284\" data-element_type=\"container\" data-e-type=\"container\">\n\t\t\t\t<div class=\"elementor-element elementor-element-767d866 elementor-widget elementor-widget-heading\" data-id=\"767d866\" data-element_type=\"widget\" data-e-type=\"widget\" data-widget_type=\"heading.default\">\n\t\t\t\t<div class=\"elementor-widget-container\">\n\t\t\t\t\t<h2 class=\"elementor-heading-title elementor-size-default\">Creado con intenci\u00f3n, dise\u00f1ado con respeto<\/h2>\t\t\t\t<\/div>\n\t\t\t\t<\/div>\n\t\t\t\t<div class=\"elementor-element elementor-element-6bf2719 elementor-widget elementor-widget-text-editor\" data-id=\"6bf2719\" data-element_type=\"widget\" data-e-type=\"widget\" data-widget_type=\"text-editor.default\">\n\t\t\t\t<div class=\"elementor-widget-container\">\n\t\t\t\t\t\t\t\t\t<p>Nuestra botella est\u00e1 elaborada con cristal 100% reciclado.<\/p>\t\t\t\t\t\t\t\t<\/div>\n\t\t\t\t<\/div>\n\t\t\t\t<\/div>\n\t\t<div class=\"elementor-element elementor-element-5cc9228 e-con-full e-flex e-con e-child\" data-id=\"5cc9228\" data-element_type=\"container\" data-e-type=\"container\">\n\t\t\t\t<div class=\"elementor-element elementor-element-af019f3 elementor-flip-box--effect-fade elementor-widget elementor-widget-flip-box\" data-id=\"af019f3\" data-element_type=\"widget\" data-e-type=\"widget\" data-widget_type=\"flip-box.default\">\n\t\t\t\t<div class=\"elementor-widget-container\">\n\t\t\t\t\t\t\t<div class=\"elementor-flip-box\" tabindex=\"0\">\n\t\t\t<div class=\"elementor-flip-box__layer elementor-flip-box__front\">\n\t\t\t\t<div class=\"elementor-flip-box__layer__overlay\">\n\t\t\t\t\t<div class=\"elementor-flip-box__layer__inner\">\n\t\t\t\t\t\t\n\t\t\t\t\t\t\n\t\t\t\t\t\t\t\t\t\t\t<\/div>\n\t\t\t\t<\/div>\n\t\t\t<\/div>\n\t\t\t<div class=\"elementor-flip-box__layer elementor-flip-box__back\">\n\t\t\t<div class=\"elementor-flip-box__layer__overlay\">\n\t\t\t\t<div class=\"elementor-flip-box__layer__inner\">\n\t\t\t\t\t\t\t\t\t\t\t<h3 class=\"elementor-flip-box__layer__title\">\n\t\t\t\t\t\t\tCIERRE\t\t\t\t\t\t<\/h3>\n\t\t\t\t\t\n\t\t\t\t\t\t\t\t\t\t\t<div class=\"elementor-flip-box__layer__description\">\n\t\t\t\t\t\t\tUn cierre artesanal de madera que refleja la tradici\u00f3n y la artesan\u00eda, combinado con una botella hecha de vidrio 100% reciclado.\t\t\t\t\t\t<\/div>\n\t\t\t\t\t\n\t\t\t\t\t\t\t\t<\/div>\n\t\t<\/div>\n\t\t<\/div>\n\t\t<\/div>\n\t\t\t\t\t\t<\/div>\n\t\t\t\t<\/div>\n\t\t\t\t<div class=\"elementor-element elementor-element-93ed24c elementor-flip-box--effect-fade elementor-widget elementor-widget-flip-box\" data-id=\"93ed24c\" data-element_type=\"widget\" data-e-type=\"widget\" data-widget_type=\"flip-box.default\">\n\t\t\t\t<div class=\"elementor-widget-container\">\n\t\t\t\t\t\t\t<div class=\"elementor-flip-box\" tabindex=\"0\">\n\t\t\t<div class=\"elementor-flip-box__layer elementor-flip-box__front\">\n\t\t\t\t<div class=\"elementor-flip-box__layer__overlay\">\n\t\t\t\t\t<div class=\"elementor-flip-box__layer__inner\">\n\t\t\t\t\t\t\n\t\t\t\t\t\t\n\t\t\t\t\t\t\t\t\t\t\t<\/div>\n\t\t\t\t<\/div>\n\t\t\t<\/div>\n\t\t\t<div class=\"elementor-flip-box__layer elementor-flip-box__back\">\n\t\t\t<div class=\"elementor-flip-box__layer__overlay\">\n\t\t\t\t<div class=\"elementor-flip-box__layer__inner\">\n\t\t\t\t\t\t\t\t\t\t\t<h3 class=\"elementor-flip-box__layer__title\">\n\t\t\t\t\t\t\tBR\u00daJULA\t\t\t\t\t\t<\/h3>\n\t\t\t\t\t\n\t\t\t\t\t\t\t\t\t\t\t<div class=\"elementor-flip-box__layer__description\">\n\t\t\t\t\t\t\tUn s\u00edmbolo de nuestra apasionada b\u00fasqueda del tequila aut\u00e9ntico. Representa el esp\u00edritu de descubrimiento. Esta br\u00fajula nos recuerda que todos los caminos llevan a SU Tequila.\t\t\t\t\t\t<\/div>\n\t\t\t\t\t\n\t\t\t\t\t\t\t\t<\/div>\n\t\t<\/div>\n\t\t<\/div>\n\t\t<\/div>\n\t\t\t\t\t\t<\/div>\n\t\t\t\t<\/div>\n\t\t\t\t<div class=\"elementor-element elementor-element-7b665e8 elementor-flip-box--effect-fade elementor-widget elementor-widget-flip-box\" data-id=\"7b665e8\" data-element_type=\"widget\" data-e-type=\"widget\" data-widget_type=\"flip-box.default\">\n\t\t\t\t<div class=\"elementor-widget-container\">\n\t\t\t\t\t\t\t<div class=\"elementor-flip-box\" tabindex=\"0\">\n\t\t\t<div class=\"elementor-flip-box__layer elementor-flip-box__front\">\n\t\t\t\t<div class=\"elementor-flip-box__layer__overlay\">\n\t\t\t\t\t<div class=\"elementor-flip-box__layer__inner\">\n\t\t\t\t\t\t\n\t\t\t\t\t\t\n\t\t\t\t\t\t\t\t\t\t\t<\/div>\n\t\t\t\t<\/div>\n\t\t\t<\/div>\n\t\t\t<div class=\"elementor-flip-box__layer elementor-flip-box__back\">\n\t\t\t<div class=\"elementor-flip-box__layer__overlay\">\n\t\t\t\t<div class=\"elementor-flip-box__layer__inner\">\n\t\t\t\t\t\t\t\t\t\t\t<h3 class=\"elementor-flip-box__layer__title\">\n\t\t\t\t\t\t\tETIQUETA\t\t\t\t\t\t<\/h3>\n\t\t\t\t\t\n\t\t\t\t\t\t\t\t\t\t\t<div class=\"elementor-flip-box__layer__description\">\n\t\t\t\t\t\t\tUn dise\u00f1o minimalista que transmite pureza y refinamiento, asegurando que el enfoque se mantenga en lo que realmente importa: el l\u00edquido en su interior. \n\t\t\t\t\t\t<\/div>\n\t\t\t\t\t\n\t\t\t\t\t\t\t\t<\/div>\n\t\t<\/div>\n\t\t<\/div>\n\t\t<\/div>\n\t\t\t\t\t\t<\/div>\n\t\t\t\t<\/div>\n\t\t\t\t<div class=\"elementor-element elementor-element-42269b5 elementor-flip-box--effect-fade elementor-widget elementor-widget-flip-box\" data-id=\"42269b5\" data-element_type=\"widget\" data-e-type=\"widget\" data-widget_type=\"flip-box.default\">\n\t\t\t\t<div class=\"elementor-widget-container\">\n\t\t\t\t\t\t\t<div class=\"elementor-flip-box\" tabindex=\"0\">\n\t\t\t<div class=\"elementor-flip-box__layer elementor-flip-box__front\">\n\t\t\t\t<div class=\"elementor-flip-box__layer__overlay\">\n\t\t\t\t\t<div class=\"elementor-flip-box__layer__inner\">\n\t\t\t\t\t\t\n\t\t\t\t\t\t\n\t\t\t\t\t\t\t\t\t\t\t<\/div>\n\t\t\t\t<\/div>\n\t\t\t<\/div>\n\t\t\t<div class=\"elementor-flip-box__layer elementor-flip-box__back\">\n\t\t\t<div class=\"elementor-flip-box__layer__overlay\">\n\t\t\t\t<div class=\"elementor-flip-box__layer__inner\">\n\t\t\t\t\t\t\t\t\t\t\t<h3 class=\"elementor-flip-box__layer__title\">\n\t\t\t\t\t\t\tTOPOGRAF\u00cdA DE JALISCO\t\t\t\t\t\t<\/h3>\n\t\t\t\t\t\n\t\t\t\t\t\t\t\t\t\t\t<div class=\"elementor-flip-box__layer__description\">\n\t\t\t\t\t\t\tUn sutil homenaje a la tierra donde cosechamos nuestros agaves de siete a\u00f1os. Nuestra conexi\u00f3n profunda con Jalisco.\t\t\t\t\t\t<\/div>\n\t\t\t\t\t\n\t\t\t\t\t\t\t\t<\/div>\n\t\t<\/div>\n\t\t<\/div>\n\t\t<\/div>\n\t\t\t\t\t\t<\/div>\n\t\t\t\t<\/div>\n\t\t\t\t<div class=\"elementor-element elementor-element-6026ab5 elementor-flip-box--effect-fade elementor-widget elementor-widget-flip-box\" data-id=\"6026ab5\" data-element_type=\"widget\" data-e-type=\"widget\" data-widget_type=\"flip-box.default\">\n\t\t\t\t<div class=\"elementor-widget-container\">\n\t\t\t\t\t\t\t<div class=\"elementor-flip-box\" tabindex=\"0\">\n\t\t\t<div class=\"elementor-flip-box__layer elementor-flip-box__front\">\n\t\t\t\t<div class=\"elementor-flip-box__layer__overlay\">\n\t\t\t\t\t<div class=\"elementor-flip-box__layer__inner\">\n\t\t\t\t\t\t\n\t\t\t\t\t\t\n\t\t\t\t\t\t\t\t\t\t\t<\/div>\n\t\t\t\t<\/div>\n\t\t\t<\/div>\n\t\t\t<div class=\"elementor-flip-box__layer elementor-flip-box__back\">\n\t\t\t<div class=\"elementor-flip-box__layer__overlay\">\n\t\t\t\t<div class=\"elementor-flip-box__layer__inner\">\n\t\t\t\t\t\t\t\t\t\t\t<h3 class=\"elementor-flip-box__layer__title\">\n\t\t\t\t\t\t\tAGAVE\t\t\t\t\t\t<\/h3>\n\t\t\t\t\t\n\t\t\t\t\t\t\t\t\t\t\t<div class=\"elementor-flip-box__layer__description\">\n\t\t\t\t\t\t\tEl coraz\u00f3n de nuestro tequila. Simboliza el origen de nuestro viaje, donde todo comienza, y la esencia de lo que elaboramos con cuidado y pasi\u00f3n.\t\t\t\t\t\t<\/div>\n\t\t\t\t\t\n\t\t\t\t\t\t\t\t<\/div>\n\t\t<\/div>\n\t\t<\/div>\n\t\t<\/div>\n\t\t\t\t\t\t<\/div>\n\t\t\t\t<\/div>\n\t\t\t\t<\/div>\n\t\t\t\t<\/div>\n\t\t\t\t<\/div>\n\t\t<div class=\"elementor-element elementor-element-e940904 e-con-full elementor-hidden-desktop e-flex e-con e-parent\" data-id=\"e940904\" data-element_type=\"container\" data-e-type=\"container\">\n\t\t<div class=\"elementor-element elementor-element-b8ebf06 e-con-full e-flex e-con e-child\" data-id=\"b8ebf06\" data-element_type=\"container\" data-e-type=\"container\">\n\t\t<div class=\"elementor-element elementor-element-09c568b e-con-full e-flex e-con e-child\" data-id=\"09c568b\" data-element_type=\"container\" data-e-type=\"container\">\n\t\t\t\t<div class=\"elementor-element elementor-element-67f705a elementor-widget elementor-widget-heading\" data-id=\"67f705a\" data-element_type=\"widget\" data-e-type=\"widget\" data-widget_type=\"heading.default\">\n\t\t\t\t<div class=\"elementor-widget-container\">\n\t\t\t\t\t<h2 class=\"elementor-heading-title elementor-size-default\">Creado con intenci\u00f3n, dise\u00f1ado con respeto<\/h2>\t\t\t\t<\/div>\n\t\t\t\t<\/div>\n\t\t\t\t<div class=\"elementor-element elementor-element-4a48984 elementor-widget elementor-widget-text-editor\" data-id=\"4a48984\" data-element_type=\"widget\" data-e-type=\"widget\" data-widget_type=\"text-editor.default\">\n\t\t\t\t<div class=\"elementor-widget-container\">\n\t\t\t\t\t\t\t\t\t<p>Nuestra botella est\u00e1 elaborada con cristal 100% reciclado.<\/p>\t\t\t\t\t\t\t\t<\/div>\n\t\t\t\t<\/div>\n\t\t\t\t<\/div>\n\t\t\t\t<\/div>\n\t\t\t\t<\/div>\n\t\t<div class=\"elementor-element elementor-element-44ed87d e-con-full elementor-hidden-desktop e-flex e-con e-parent\" data-id=\"44ed87d\" data-element_type=\"container\" data-e-type=\"container\">\n\t\t<div class=\"elementor-element elementor-element-64edcb8 e-flex e-con-boxed e-con e-child\" data-id=\"64edcb8\" data-element_type=\"container\" data-e-type=\"container\">\n\t\t\t\t\t<div class=\"e-con-inner\">\n\t\t\t\t<div class=\"elementor-element elementor-element-6be5e09 elementor-widget elementor-widget-image\" data-id=\"6be5e09\" data-element_type=\"widget\" data-e-type=\"widget\" data-widget_type=\"image.default\">\n\t\t\t\t<div class=\"elementor-widget-container\">\n\t\t\t\t\t\t\t\t\t\t\t\t\t\t\t<img fetchpriority=\"high\" decoding=\"async\" width=\"1500\" height=\"1500\" src=\"https:\/\/tequilasu.com\/wp-content\/uploads\/2025\/03\/corcho.webp\" class=\"attachment-full size-full wp-image-648\" alt=\"\" srcset=\"https:\/\/tequilasu.com\/wp-content\/uploads\/2025\/03\/corcho.webp 1500w, https:\/\/tequilasu.com\/wp-content\/uploads\/2025\/03\/corcho-300x300.webp 300w, https:\/\/tequilasu.com\/wp-content\/uploads\/2025\/03\/corcho-100x100.webp 100w, https:\/\/tequilasu.com\/wp-content\/uploads\/2025\/03\/corcho-600x600.webp 600w, https:\/\/tequilasu.com\/wp-content\/uploads\/2025\/03\/corcho-1024x1024.webp 1024w, https:\/\/tequilasu.com\/wp-content\/uploads\/2025\/03\/corcho-150x150.webp 150w, https:\/\/tequilasu.com\/wp-content\/uploads\/2025\/03\/corcho-768x768.webp 768w, https:\/\/tequilasu.com\/wp-content\/uploads\/2025\/03\/corcho-12x12.webp 12w\" sizes=\"(max-width: 1500px) 100vw, 1500px\" \/>\t\t\t\t\t\t\t\t\t\t\t\t\t\t\t<\/div>\n\t\t\t\t<\/div>\n\t\t\t\t\t<\/div>\n\t\t\t\t<\/div>\n\t\t<div class=\"elementor-element elementor-element-df5185a e-flex e-con-boxed e-con e-child\" data-id=\"df5185a\" data-element_type=\"container\" data-e-type=\"container\">\n\t\t\t\t\t<div class=\"e-con-inner\">\n\t\t\t\t<div class=\"elementor-element elementor-element-d1325c8 elementor-widget elementor-widget-heading\" data-id=\"d1325c8\" data-element_type=\"widget\" data-e-type=\"widget\" data-settings=\"{&quot;_animation_mobile&quot;:&quot;none&quot;}\" data-widget_type=\"heading.default\">\n\t\t\t\t<div class=\"elementor-widget-container\">\n\t\t\t\t\t<p class=\"elementor-heading-title elementor-size-default\">Closure<\/p>\t\t\t\t<\/div>\n\t\t\t\t<\/div>\n\t\t\t\t<div class=\"elementor-element elementor-element-5543da7 elementor-widget elementor-widget-text-editor\" data-id=\"5543da7\" data-element_type=\"widget\" data-e-type=\"widget\" data-widget_type=\"text-editor.default\">\n\t\t\t\t<div class=\"elementor-widget-container\">\n\t\t\t\t\t\t\t\t\t<p><strong>COMMITMENT TO CRAFT &amp; RESPONSIBILITY<\/strong><\/p><p>A handcrafted wooden closure that reflects tradition and craftsmanship, paired with a bottle made from 100% recycled glass, beacuse every detail matters, from the first pour to the last.<\/p>\t\t\t\t\t\t\t\t<\/div>\n\t\t\t\t<\/div>\n\t\t\t\t\t<\/div>\n\t\t\t\t<\/div>\n\t\t\t\t<\/div>\n\t\t<div class=\"elementor-element elementor-element-0d4a158 e-con-full elementor-hidden-desktop e-flex e-con e-parent\" data-id=\"0d4a158\" data-element_type=\"container\" data-e-type=\"container\">\n\t\t<div class=\"elementor-element elementor-element-606309e e-flex e-con-boxed e-con e-child\" data-id=\"606309e\" data-element_type=\"container\" data-e-type=\"container\">\n\t\t\t\t\t<div class=\"e-con-inner\">\n\t\t\t\t<div class=\"elementor-element elementor-element-85958dd elementor-widget elementor-widget-image\" data-id=\"85958dd\" data-element_type=\"widget\" data-e-type=\"widget\" data-widget_type=\"image.default\">\n\t\t\t\t<div class=\"elementor-widget-container\">\n\t\t\t\t\t\t\t\t\t\t\t\t\t\t\t<img decoding=\"async\" width=\"4957\" height=\"4957\" src=\"https:\/\/tequilasu.com\/wp-content\/uploads\/2025\/03\/compass1.webp\" class=\"attachment-full size-full wp-image-709\" alt=\"\" \/>\t\t\t\t\t\t\t\t\t\t\t\t\t\t\t<\/div>\n\t\t\t\t<\/div>\n\t\t\t\t\t<\/div>\n\t\t\t\t<\/div>\n\t\t<div class=\"elementor-element elementor-element-8f70b4d e-flex e-con-boxed e-con e-child\" data-id=\"8f70b4d\" data-element_type=\"container\" data-e-type=\"container\">\n\t\t\t\t\t<div class=\"e-con-inner\">\n\t\t\t\t<div class=\"elementor-element elementor-element-4a33da8 elementor-widget elementor-widget-heading\" data-id=\"4a33da8\" data-element_type=\"widget\" data-e-type=\"widget\" data-settings=\"{&quot;_animation_mobile&quot;:&quot;none&quot;}\" data-widget_type=\"heading.default\">\n\t\t\t\t<div class=\"elementor-widget-container\">\n\t\t\t\t\t<p class=\"elementor-heading-title elementor-size-default\">BR\u00daJULA<\/p>\t\t\t\t<\/div>\n\t\t\t\t<\/div>\n\t\t\t\t<div class=\"elementor-element elementor-element-9b866ab elementor-widget elementor-widget-text-editor\" data-id=\"9b866ab\" data-element_type=\"widget\" data-e-type=\"widget\" data-widget_type=\"text-editor.default\">\n\t\t\t\t<div class=\"elementor-widget-container\">\n\t\t\t\t\t\t\t\t\t<p><b>A JOURNEY OF EXPLORATION<\/b><\/p><p>A symbol of our passionate pursuit of the authentic tequila. It represents the spirit of discovery, our connection to Mexico\u2019s land and culture, and an invitation to those who seek authenticity, meaningful connections, and unforgettable moments.<\/p>\t\t\t\t\t\t\t\t<\/div>\n\t\t\t\t<\/div>\n\t\t\t\t\t<\/div>\n\t\t\t\t<\/div>\n\t\t\t\t<\/div>\n\t\t<div class=\"elementor-element elementor-element-ba94f8f e-con-full elementor-hidden-desktop e-flex e-con e-parent\" data-id=\"ba94f8f\" data-element_type=\"container\" data-e-type=\"container\">\n\t\t<div class=\"elementor-element elementor-element-9987b6f e-flex e-con-boxed e-con e-child\" data-id=\"9987b6f\" data-element_type=\"container\" data-e-type=\"container\">\n\t\t\t\t\t<div class=\"e-con-inner\">\n\t\t\t\t<div class=\"elementor-element elementor-element-9d7d4f7 elementor-widget elementor-widget-image\" data-id=\"9d7d4f7\" data-element_type=\"widget\" data-e-type=\"widget\" data-widget_type=\"image.default\">\n\t\t\t\t<div class=\"elementor-widget-container\">\n\t\t\t\t\t\t\t\t\t\t\t\t\t\t\t<img decoding=\"async\" width=\"1500\" height=\"1500\" src=\"https:\/\/tequilasu.com\/wp-content\/uploads\/2025\/03\/ETIQUETA.webp\" class=\"attachment-full size-full wp-image-716\" alt=\"\" srcset=\"https:\/\/tequilasu.com\/wp-content\/uploads\/2025\/03\/ETIQUETA.webp 1500w, https:\/\/tequilasu.com\/wp-content\/uploads\/2025\/03\/ETIQUETA-300x300.webp 300w, https:\/\/tequilasu.com\/wp-content\/uploads\/2025\/03\/ETIQUETA-100x100.webp 100w, https:\/\/tequilasu.com\/wp-content\/uploads\/2025\/03\/ETIQUETA-600x600.webp 600w, https:\/\/tequilasu.com\/wp-content\/uploads\/2025\/03\/ETIQUETA-1024x1024.webp 1024w, https:\/\/tequilasu.com\/wp-content\/uploads\/2025\/03\/ETIQUETA-150x150.webp 150w, https:\/\/tequilasu.com\/wp-content\/uploads\/2025\/03\/ETIQUETA-768x768.webp 768w, https:\/\/tequilasu.com\/wp-content\/uploads\/2025\/03\/ETIQUETA-12x12.webp 12w\" sizes=\"(max-width: 1500px) 100vw, 1500px\" \/>\t\t\t\t\t\t\t\t\t\t\t\t\t\t\t<\/div>\n\t\t\t\t<\/div>\n\t\t\t\t\t<\/div>\n\t\t\t\t<\/div>\n\t\t<div class=\"elementor-element elementor-element-520beca e-flex e-con-boxed e-con e-child\" data-id=\"520beca\" data-element_type=\"container\" data-e-type=\"container\">\n\t\t\t\t\t<div class=\"e-con-inner\">\n\t\t\t\t<div class=\"elementor-element elementor-element-3471a1f elementor-widget elementor-widget-heading\" data-id=\"3471a1f\" data-element_type=\"widget\" data-e-type=\"widget\" data-settings=\"{&quot;_animation_mobile&quot;:&quot;none&quot;}\" data-widget_type=\"heading.default\">\n\t\t\t\t<div class=\"elementor-widget-container\">\n\t\t\t\t\t<p class=\"elementor-heading-title elementor-size-default\">ETIQUETA<\/p>\t\t\t\t<\/div>\n\t\t\t\t<\/div>\n\t\t\t\t<div class=\"elementor-element elementor-element-4f85e25 elementor-widget elementor-widget-text-editor\" data-id=\"4f85e25\" data-element_type=\"widget\" data-e-type=\"widget\" data-widget_type=\"text-editor.default\">\n\t\t\t\t<div class=\"elementor-widget-container\">\n\t\t\t\t\t\t\t\t\t<p><b>ELEGANCE IN SIMPLICITY<\/b><\/p><p>A minimalist design that reflects purity and refinement, ensuring that the focus remains on what truly matters: the liquid inside. Every element is intentional, allowing the Tequila to speak for itself.<\/p>\t\t\t\t\t\t\t\t<\/div>\n\t\t\t\t<\/div>\n\t\t\t\t\t<\/div>\n\t\t\t\t<\/div>\n\t\t\t\t<\/div>\n\t\t<div class=\"elementor-element elementor-element-78ea622 e-con-full elementor-hidden-desktop e-flex e-con e-parent\" data-id=\"78ea622\" data-element_type=\"container\" data-e-type=\"container\">\n\t\t<div class=\"elementor-element elementor-element-210434f e-flex e-con-boxed e-con e-child\" data-id=\"210434f\" data-element_type=\"container\" data-e-type=\"container\">\n\t\t\t\t\t<div class=\"e-con-inner\">\n\t\t\t\t<div class=\"elementor-element elementor-element-cdaf792 elementor-widget elementor-widget-image\" data-id=\"cdaf792\" data-element_type=\"widget\" data-e-type=\"widget\" data-widget_type=\"image.default\">\n\t\t\t\t<div class=\"elementor-widget-container\">\n\t\t\t\t\t\t\t\t\t\t\t\t\t\t\t<img loading=\"lazy\" decoding=\"async\" width=\"1500\" height=\"1500\" src=\"https:\/\/tequilasu.com\/wp-content\/uploads\/2025\/03\/TOPOGRAPHY.webp\" class=\"attachment-full size-full wp-image-712\" alt=\"\" srcset=\"https:\/\/tequilasu.com\/wp-content\/uploads\/2025\/03\/TOPOGRAPHY.webp 1500w, https:\/\/tequilasu.com\/wp-content\/uploads\/2025\/03\/TOPOGRAPHY-300x300.webp 300w, https:\/\/tequilasu.com\/wp-content\/uploads\/2025\/03\/TOPOGRAPHY-100x100.webp 100w, https:\/\/tequilasu.com\/wp-content\/uploads\/2025\/03\/TOPOGRAPHY-600x600.webp 600w, https:\/\/tequilasu.com\/wp-content\/uploads\/2025\/03\/TOPOGRAPHY-1024x1024.webp 1024w, https:\/\/tequilasu.com\/wp-content\/uploads\/2025\/03\/TOPOGRAPHY-150x150.webp 150w, https:\/\/tequilasu.com\/wp-content\/uploads\/2025\/03\/TOPOGRAPHY-768x768.webp 768w, https:\/\/tequilasu.com\/wp-content\/uploads\/2025\/03\/TOPOGRAPHY-12x12.webp 12w\" sizes=\"(max-width: 1500px) 100vw, 1500px\" \/>\t\t\t\t\t\t\t\t\t\t\t\t\t\t\t<\/div>\n\t\t\t\t<\/div>\n\t\t\t\t\t<\/div>\n\t\t\t\t<\/div>\n\t\t<div class=\"elementor-element elementor-element-906c2af e-flex e-con-boxed e-con e-child\" data-id=\"906c2af\" data-element_type=\"container\" data-e-type=\"container\">\n\t\t\t\t\t<div class=\"e-con-inner\">\n\t\t\t\t<div class=\"elementor-element elementor-element-cf0fef2 elementor-widget elementor-widget-heading\" data-id=\"cf0fef2\" data-element_type=\"widget\" data-e-type=\"widget\" data-settings=\"{&quot;_animation_mobile&quot;:&quot;none&quot;}\" data-widget_type=\"heading.default\">\n\t\t\t\t<div class=\"elementor-widget-container\">\n\t\t\t\t\t<p class=\"elementor-heading-title elementor-size-default\">TOPOGRAF\u00cdA DE JALISCO<\/p>\t\t\t\t<\/div>\n\t\t\t\t<\/div>\n\t\t\t\t<div class=\"elementor-element elementor-element-f9c2434 elementor-widget elementor-widget-text-editor\" data-id=\"f9c2434\" data-element_type=\"widget\" data-e-type=\"widget\" data-widget_type=\"text-editor.default\">\n\t\t\t\t<div class=\"elementor-widget-container\">\n\t\t\t\t\t\t\t\t\t<p><b>HONORING OUR ROOTS<\/b><\/p><p>A subtle meaningful tribute to the land where we harvest our seven-year-old agaves. This delicate detail embodies our deep connection to Jalisco, the birthplace of our Tequila and the rich terroir that shapes its character.<\/p>\t\t\t\t\t\t\t\t<\/div>\n\t\t\t\t<\/div>\n\t\t\t\t\t<\/div>\n\t\t\t\t<\/div>\n\t\t\t\t<\/div>\n\t\t<div class=\"elementor-element elementor-element-d0f70c5 e-con-full elementor-hidden-desktop e-flex e-con e-parent\" data-id=\"d0f70c5\" data-element_type=\"container\" data-e-type=\"container\">\n\t\t<div class=\"elementor-element elementor-element-39bab1d e-flex e-con-boxed e-con e-child\" data-id=\"39bab1d\" data-element_type=\"container\" data-e-type=\"container\">\n\t\t\t\t\t<div class=\"e-con-inner\">\n\t\t\t\t<div class=\"elementor-element elementor-element-72a4b33 elementor-widget elementor-widget-image\" data-id=\"72a4b33\" data-element_type=\"widget\" data-e-type=\"widget\" data-widget_type=\"image.default\">\n\t\t\t\t<div class=\"elementor-widget-container\">\n\t\t\t\t\t\t\t\t\t\t\t\t\t\t\t<img loading=\"lazy\" decoding=\"async\" width=\"1500\" height=\"1500\" src=\"https:\/\/tequilasu.com\/wp-content\/uploads\/2025\/03\/AGAVE.webp\" class=\"attachment-full size-full wp-image-711\" alt=\"\" srcset=\"https:\/\/tequilasu.com\/wp-content\/uploads\/2025\/03\/AGAVE.webp 1500w, https:\/\/tequilasu.com\/wp-content\/uploads\/2025\/03\/AGAVE-300x300.webp 300w, https:\/\/tequilasu.com\/wp-content\/uploads\/2025\/03\/AGAVE-100x100.webp 100w, https:\/\/tequilasu.com\/wp-content\/uploads\/2025\/03\/AGAVE-600x600.webp 600w, https:\/\/tequilasu.com\/wp-content\/uploads\/2025\/03\/AGAVE-1024x1024.webp 1024w, https:\/\/tequilasu.com\/wp-content\/uploads\/2025\/03\/AGAVE-150x150.webp 150w, https:\/\/tequilasu.com\/wp-content\/uploads\/2025\/03\/AGAVE-768x768.webp 768w, https:\/\/tequilasu.com\/wp-content\/uploads\/2025\/03\/AGAVE-12x12.webp 12w\" sizes=\"(max-width: 1500px) 100vw, 1500px\" \/>\t\t\t\t\t\t\t\t\t\t\t\t\t\t\t<\/div>\n\t\t\t\t<\/div>\n\t\t\t\t\t<\/div>\n\t\t\t\t<\/div>\n\t\t<div class=\"elementor-element elementor-element-c3c54b1 e-flex e-con-boxed e-con e-child\" data-id=\"c3c54b1\" data-element_type=\"container\" data-e-type=\"container\">\n\t\t\t\t\t<div class=\"e-con-inner\">\n\t\t\t\t<div class=\"elementor-element elementor-element-a2ac362 elementor-widget elementor-widget-heading\" data-id=\"a2ac362\" data-element_type=\"widget\" data-e-type=\"widget\" data-settings=\"{&quot;_animation_mobile&quot;:&quot;none&quot;}\" data-widget_type=\"heading.default\">\n\t\t\t\t<div class=\"elementor-widget-container\">\n\t\t\t\t\t<p class=\"elementor-heading-title elementor-size-default\">AGAVE<\/p>\t\t\t\t<\/div>\n\t\t\t\t<\/div>\n\t\t\t\t<div class=\"elementor-element elementor-element-e46f1b0 elementor-widget elementor-widget-text-editor\" data-id=\"e46f1b0\" data-element_type=\"widget\" data-e-type=\"widget\" data-widget_type=\"text-editor.default\">\n\t\t\t\t<div class=\"elementor-widget-container\">\n\t\t\t\t\t\t\t\t\t<p><b>THE SOUL OF OUR BOTLE<\/b><\/p><p>At the heart of our bottle lies the agave, just as it is at the heart of our Tequila. It symbolizes the origin of our journey, where everything begins, and the essence of what we craft with care and passion.<\/p>\t\t\t\t\t\t\t\t<\/div>\n\t\t\t\t<\/div>\n\t\t\t\t\t<\/div>\n\t\t\t\t<\/div>\n\t\t\t\t<\/div>\n\t\t\t\t<\/div>","protected":false},"excerpt":{"rendered":"<p>Made with intention, Designed with respect Our bottle made from 100% Recycled Glass CLOSURE A handcrafted wooden closure that reflects tradition and craftsmanship, paired with a bottle made from 100% recycled glass. COMPASS A symbol of our passionate pursuit of the authentic tequila. It represents the spirit of discovery. This compass reminds us that every [&hellip;]<\/p>","protected":false},"author":2,"featured_media":0,"parent":0,"menu_order":0,"comment_status":"closed","ping_status":"closed","template":"","meta":{"footnotes":""},"class_list":["post-1813","page","type-page","status-publish","hentry"],"_links":{"self":[{"href":"https:\/\/tequilasu.com\/es\/wp-json\/wp\/v2\/pages\/1813","targetHints":{"allow":["GET"]}}],"collection":[{"href":"https:\/\/tequilasu.com\/es\/wp-json\/wp\/v2\/pages"}],"about":[{"href":"https:\/\/tequilasu.com\/es\/wp-json\/wp\/v2\/types\/page"}],"author":[{"embeddable":true,"href":"https:\/\/tequilasu.com\/es\/wp-json\/wp\/v2\/users\/2"}],"replies":[{"embeddable":true,"href":"https:\/\/tequilasu.com\/es\/wp-json\/wp\/v2\/comments?post=1813"}],"version-history":[{"count":0,"href":"https:\/\/tequilasu.com\/es\/wp-json\/wp\/v2\/pages\/1813\/revisions"}],"wp:attachment":[{"href":"https:\/\/tequilasu.com\/es\/wp-json\/wp\/v2\/media?parent=1813"}],"curies":[{"name":"wp","href":"https:\/\/api.w.org\/{rel}","templated":true}]}}